{"id":5096,"date":"2021-02-26T22:03:28","date_gmt":"2021-02-26T19:03:28","guid":{"rendered":"https:\/\/asmarmaradent.com\/tr\/?page_id=5096"},"modified":"2023-05-23T13:28:18","modified_gmt":"2023-05-23T10:28:18","slug":"invisalign-seffaf-dis-teli-seffaf-dis-plagi","status":"publish","type":"page","link":"https:\/\/asmarmaradent.com\/tr\/invisalign-seffaf-dis-teli-seffaf-dis-plagi\/","title":{"rendered":"\u0130nvisalign &#8211; \u015eeffaf Di\u015f Teli, \u015eeffaf Di\u015f Pla\u011f\u0131"},"content":{"rendered":"","protected":false},"excerpt":{"rendered":"","protected":false},"author":1,"featured_media":0,"parent":0,"menu_order":0,"comment_status":"closed","ping_status":"closed","template":"","meta":[],"_links":{"self":[{"href":"https:\/\/asmarmaradent.com\/tr\/wp-json\/wp\/v2\/pages\/5096"}],"collection":[{"href":"https:\/\/asmarmaradent.com\/tr\/wp-json\/wp\/v2\/pages"}],"about":[{"href":"https:\/\/asmarmaradent.com\/tr\/wp-json\/wp\/v2\/types\/page"}],"author":[{"embeddable":true,"href":"https:\/\/asmarmaradent.com\/tr\/wp-json\/wp\/v2\/users\/1"}],"replies":[{"embeddable":true,"href":"https:\/\/asmarmaradent.com\/tr\/wp-json\/wp\/v2\/comments?post=5096"}],"version-history":[{"count":5,"href":"https:\/\/asmarmaradent.com\/tr\/wp-json\/wp\/v2\/pages\/5096\/revisions"}],"predecessor-version":[{"id":5135,"href":"https:\/\/asmarmaradent.com\/tr\/wp-json\/wp\/v2\/pages\/5096\/revisions\/5135"}],"wp:attachment":[{"href":"https:\/\/asmarmaradent.com\/tr\/wp-json\/wp\/v2\/media?parent=5096"}],"curies":[{"name":"wp","href":"https:\/\/api.w.org\/{rel}","templated":true}]}}