{"id":4731,"date":"2020-02-17T23:57:16","date_gmt":"2020-02-17T20:57:16","guid":{"rendered":"http:\/\/asmarmaradent.com\/tr\/?page_id=4731"},"modified":"2020-03-05T00:02:15","modified_gmt":"2020-03-04T21:02:15","slug":"pedodonti-cocuk-dis-hekimligi-beylikduzu","status":"publish","type":"page","link":"https:\/\/asmarmaradent.com\/tr\/pedodonti-cocuk-dis-hekimligi-beylikduzu\/","title":{"rendered":"Pedodonti (\u00c7ocuk Di\u015f Hekimli\u011fi)"},"content":{"rendered":"","protected":false},"excerpt":{"rendered":"","protected":false},"author":1,"featured_media":0,"parent":0,"menu_order":0,"comment_status":"closed","ping_status":"closed","template":"","meta":[],"_links":{"self":[{"href":"https:\/\/asmarmaradent.com\/tr\/wp-json\/wp\/v2\/pages\/4731"}],"collection":[{"href":"https:\/\/asmarmaradent.com\/tr\/wp-json\/wp\/v2\/pages"}],"about":[{"href":"https:\/\/asmarmaradent.com\/tr\/wp-json\/wp\/v2\/types\/page"}],"author":[{"embeddable":true,"href":"https:\/\/asmarmaradent.com\/tr\/wp-json\/wp\/v2\/users\/1"}],"replies":[{"embeddable":true,"href":"https:\/\/asmarmaradent.com\/tr\/wp-json\/wp\/v2\/comments?post=4731"}],"version-history":[{"count":5,"href":"https:\/\/asmarmaradent.com\/tr\/wp-json\/wp\/v2\/pages\/4731\/revisions"}],"predecessor-version":[{"id":5014,"href":"https:\/\/asmarmaradent.com\/tr\/wp-json\/wp\/v2\/pages\/4731\/revisions\/5014"}],"wp:attachment":[{"href":"https:\/\/asmarmaradent.com\/tr\/wp-json\/wp\/v2\/media?parent=4731"}],"curies":[{"name":"wp","href":"https:\/\/api.w.org\/{rel}","templated":true}]}}